{"id":100,"date":"2021-12-19T18:20:13","date_gmt":"2021-12-19T23:20:13","guid":{"rendered":"https:\/\/elsaraviado.com\/?page_id=100"},"modified":"2021-12-20T02:29:20","modified_gmt":"2021-12-20T07:29:20","slug":"nosotros","status":"publish","type":"page","link":"https:\/\/elsaraviado.com\/index.php\/nosotros\/","title":{"rendered":"NOSOTROS"},"content":{"rendered":"\t\t<div data-elementor-type=\"wp-page\" data-elementor-id=\"100\" class=\"elementor elementor-100\">\n\t\t\t\t\t\t<section class=\"elementor-section elementor-top-section elementor-element elementor-element-e6992e1 elementor-section-height-min-height elementor-section-items-top elementor-section-content-middle elementor-section-boxed elementor-section-height-default\" data-id=\"e6992e1\" data-element_type=\"section\" data-settings=\"{&quot;background_background&quot;:&quot;classic&quot;}\">\n\t\t\t\t\t\t\t<div class=\"elementor-background-overlay\"><\/div>\n\t\t\t\t\t\t\t<div class=\"elementor-container elementor-column-gap-default\">\n\t\t\t\t\t<div class=\"elementor-column elementor-col-100 elementor-top-column elementor-element elementor-element-44ee3c5\" data-id=\"44ee3c5\" data-element_type=\"column\">\n\t\t\t<div class=\"elementor-widget-wrap elementor-element-populated\">\n\t\t\t\t\t\t<div class=\"elementor-element elementor-element-3d33853 elementor-widget elementor-widget-heading\" data-id=\"3d33853\" data-element_type=\"widget\" data-widget_type=\"heading.default\">\n\t\t\t\t<div class=\"elementor-widget-container\">\n\t\t\t\t\t<h1 class=\"elementor-heading-title elementor-size-default\">NOSOTROS<\/h1>\t\t\t\t<\/div>\n\t\t\t\t<\/div>\n\t\t\t\t\t<\/div>\n\t\t<\/div>\n\t\t\t\t\t<\/div>\n\t\t<\/section>\n\t\t\t\t<section class=\"elementor-section elementor-top-section elementor-element elementor-element-096b9de elementor-section-content-bottom elementor-section-boxed elementor-section-height-default elementor-section-height-default\" data-id=\"096b9de\" data-element_type=\"section\">\n\t\t\t\t\t\t<div class=\"elementor-container elementor-column-gap-default\">\n\t\t\t\t\t<div class=\"elementor-column elementor-col-33 elementor-top-column elementor-element elementor-element-bad3db1\" data-id=\"bad3db1\" data-element_type=\"column\" data-settings=\"{&quot;background_background&quot;:&quot;classic&quot;}\">\n\t\t\t<div class=\"elementor-widget-wrap elementor-element-populated\">\n\t\t\t\t\t\t<div class=\"elementor-element elementor-element-aed51eb elementor-view-default elementor-position-top elementor-mobile-position-top elementor-widget elementor-widget-icon-box\" data-id=\"aed51eb\" data-element_type=\"widget\" data-widget_type=\"icon-box.default\">\n\t\t\t\t<div class=\"elementor-widget-container\">\n\t\t\t\t\t\t\t<div class=\"elementor-icon-box-wrapper\">\n\n\t\t\t\t\t\t<div class=\"elementor-icon-box-icon\">\n\t\t\t\t<span  class=\"elementor-icon\">\n\t\t\t\t<i aria-hidden=\"true\" class=\"far fa-window-minimize\"><\/i>\t\t\t\t<\/span>\n\t\t\t<\/div>\n\t\t\t\n\t\t\t\t\t\t<div class=\"elementor-icon-box-content\">\n\n\t\t\t\t\t\t\t\t\t<h3 class=\"elementor-icon-box-title\">\n\t\t\t\t\t\t<span  >\n\t\t\t\t\t\t\tQUIENES SOMOS\t\t\t\t\t\t<\/span>\n\t\t\t\t\t<\/h3>\n\t\t\t\t\n\t\t\t\t\n\t\t\t<\/div>\n\t\t\t\n\t\t<\/div>\n\t\t\t\t\t\t<\/div>\n\t\t\t\t<\/div>\n\t\t\t\t<div class=\"elementor-element elementor-element-4d52a01 elementor-widget elementor-widget-text-editor\" data-id=\"4d52a01\" data-element_type=\"widget\" data-widget_type=\"text-editor.default\">\n\t\t\t\t<div class=\"elementor-widget-container\">\n\t\t\t\t\t\t\t\t\t<p>Somos una empresa dedicada a la\u00a0<strong>distribuci\u00f3n y comercializaci\u00f3n<\/strong>\u00a0de Pollo, Gallina, Pavo, Pato, Res, Conejo y Cerdo en canal dirigido a hoteles, restaurantes, industrias alimenticias, catering, industria tamalera y por supuesto Los hogares bogotanos.<\/p>\t\t\t\t\t\t\t\t<\/div>\n\t\t\t\t<\/div>\n\t\t\t\t\t<\/div>\n\t\t<\/div>\n\t\t\t\t<div class=\"elementor-column elementor-col-33 elementor-top-column elementor-element elementor-element-ec6dded\" data-id=\"ec6dded\" data-element_type=\"column\" data-settings=\"{&quot;background_background&quot;:&quot;classic&quot;}\">\n\t\t\t<div class=\"elementor-widget-wrap elementor-element-populated\">\n\t\t\t\t\t\t<div class=\"elementor-element elementor-element-0ee61b0 elementor-view-default elementor-position-top elementor-mobile-position-top elementor-widget elementor-widget-icon-box\" data-id=\"0ee61b0\" data-element_type=\"widget\" data-widget_type=\"icon-box.default\">\n\t\t\t\t<div class=\"elementor-widget-container\">\n\t\t\t\t\t\t\t<div class=\"elementor-icon-box-wrapper\">\n\n\t\t\t\t\t\t<div class=\"elementor-icon-box-icon\">\n\t\t\t\t<span  class=\"elementor-icon\">\n\t\t\t\t<i aria-hidden=\"true\" class=\"far fa-window-minimize\"><\/i>\t\t\t\t<\/span>\n\t\t\t<\/div>\n\t\t\t\n\t\t\t\t\t\t<div class=\"elementor-icon-box-content\">\n\n\t\t\t\t\t\t\t\t\t<h3 class=\"elementor-icon-box-title\">\n\t\t\t\t\t\t<span  >\n\t\t\t\t\t\t\tMISI\u00d3N\t\t\t\t\t\t<\/span>\n\t\t\t\t\t<\/h3>\n\t\t\t\t\n\t\t\t\t\n\t\t\t<\/div>\n\t\t\t\n\t\t<\/div>\n\t\t\t\t\t\t<\/div>\n\t\t\t\t<\/div>\n\t\t\t\t<div class=\"elementor-element elementor-element-5e90577 elementor-widget elementor-widget-text-editor\" data-id=\"5e90577\" data-element_type=\"widget\" data-widget_type=\"text-editor.default\">\n\t\t\t\t<div class=\"elementor-widget-container\">\n\t\t\t\t\t\t\t\t\t<p>Dar cumplimiento a nuestros clientes en sus pedidos, entreg\u00e1ndoles el mejor producto y en el tiempo requerido por ellos, convirti\u00e9ndonos en un aliado de sus negocios<\/p><p>\u00a1Servicio con Calidad!<\/p>\t\t\t\t\t\t\t\t<\/div>\n\t\t\t\t<\/div>\n\t\t\t\t\t<\/div>\n\t\t<\/div>\n\t\t\t\t<div class=\"elementor-column elementor-col-33 elementor-top-column elementor-element elementor-element-cf045d5\" data-id=\"cf045d5\" data-element_type=\"column\" data-settings=\"{&quot;background_background&quot;:&quot;classic&quot;}\">\n\t\t\t<div class=\"elementor-widget-wrap elementor-element-populated\">\n\t\t\t\t\t\t<div class=\"elementor-element elementor-element-dd7fe3f elementor-view-default elementor-position-top elementor-mobile-position-top elementor-widget elementor-widget-icon-box\" data-id=\"dd7fe3f\" data-element_type=\"widget\" data-widget_type=\"icon-box.default\">\n\t\t\t\t<div class=\"elementor-widget-container\">\n\t\t\t\t\t\t\t<div class=\"elementor-icon-box-wrapper\">\n\n\t\t\t\t\t\t<div class=\"elementor-icon-box-icon\">\n\t\t\t\t<span  class=\"elementor-icon\">\n\t\t\t\t<i aria-hidden=\"true\" class=\"far fa-window-minimize\"><\/i>\t\t\t\t<\/span>\n\t\t\t<\/div>\n\t\t\t\n\t\t\t\t\t\t<div class=\"elementor-icon-box-content\">\n\n\t\t\t\t\t\t\t\t\t<h3 class=\"elementor-icon-box-title\">\n\t\t\t\t\t\t<span  >\n\t\t\t\t\t\t\tVISI\u00d3N\t\t\t\t\t\t<\/span>\n\t\t\t\t\t<\/h3>\n\t\t\t\t\n\t\t\t\t\n\t\t\t<\/div>\n\t\t\t\n\t\t<\/div>\n\t\t\t\t\t\t<\/div>\n\t\t\t\t<\/div>\n\t\t\t\t<div class=\"elementor-element elementor-element-1006180 elementor-widget elementor-widget-text-editor\" data-id=\"1006180\" data-element_type=\"widget\" data-widget_type=\"text-editor.default\">\n\t\t\t\t<div class=\"elementor-widget-container\">\n\t\t\t\t\t\t\t\t\t<p>Liderar con gran influencia el mercado\u00a0de prote\u00edna animal en la capital colombiana gracias a la calidad de nuestros productos y aportando satisfacci\u00f3n a nuestros clientes.<\/p>\t\t\t\t\t\t\t\t<\/div>\n\t\t\t\t<\/div>\n\t\t\t\t\t<\/div>\n\t\t<\/div>\n\t\t\t\t\t<\/div>\n\t\t<\/section>\n\t\t\t\t<section class=\"elementor-section elementor-top-section elementor-element elementor-element-77552b2 elementor-section-boxed elementor-section-height-default elementor-section-height-default\" data-id=\"77552b2\" data-element_type=\"section\">\n\t\t\t\t\t\t<div class=\"elementor-container elementor-column-gap-default\">\n\t\t\t\t\t<div class=\"elementor-column elementor-col-100 elementor-top-column elementor-element elementor-element-0ce5584\" data-id=\"0ce5584\" data-element_type=\"column\">\n\t\t\t<div class=\"elementor-widget-wrap elementor-element-populated\">\n\t\t\t\t\t\t<div class=\"elementor-element elementor-element-5f710be elementor-widget elementor-widget-heading\" data-id=\"5f710be\" data-element_type=\"widget\" data-widget_type=\"heading.default\">\n\t\t\t\t<div class=\"elementor-widget-container\">\n\t\t\t\t\t<h2 class=\"elementor-heading-title elementor-size-default\">NUESTRA HISTORIA<\/h2>\t\t\t\t<\/div>\n\t\t\t\t<\/div>\n\t\t\t\t\t<\/div>\n\t\t<\/div>\n\t\t\t\t\t<\/div>\n\t\t<\/section>\n\t\t\t\t<section class=\"elementor-section elementor-top-section elementor-element elementor-element-dbfb18a elementor-section-boxed elementor-section-height-default elementor-section-height-default\" data-id=\"dbfb18a\" data-element_type=\"section\">\n\t\t\t\t\t\t<div class=\"elementor-container elementor-column-gap-default\">\n\t\t\t\t\t<div class=\"elementor-column elementor-col-100 elementor-top-column elementor-element elementor-element-3c306d6\" data-id=\"3c306d6\" data-element_type=\"column\">\n\t\t\t<div class=\"elementor-widget-wrap elementor-element-populated\">\n\t\t\t\t\t\t<div class=\"elementor-element elementor-element-93d7c8e elementor-widget elementor-widget-shortcode\" data-id=\"93d7c8e\" data-element_type=\"widget\" data-widget_type=\"shortcode.default\">\n\t\t\t\t<div class=\"elementor-widget-container\">\n\t\t\t\t\t\t\t<div class=\"elementor-shortcode\"><div id=\"twp-124\" class=\"style-another\">\r\n            <div id=\"twp-telement-0\" class=\"timeline\">\r\n            <div class=\"timeline-content\">\r\n\r\n                <div class=\"timeline-year\">\r\n                    <span>1950<\/span>                <\/div>\r\n                \r\n                <div class=\"timeline-icon\">\r\n                                            <i class=\"fas fa-arrow-circle-right\"><\/i>\r\n                                    <\/div>\r\n\r\n                <h3 class=\"title\">El comienzo del camino<\/h3>                <div class=\"description\">Se funda la empresa \u201cDistribuidora de Aves El Sarabiado\u201d por el se\u00f1or Pedro Riveros Melo quien desde sus comienzos se caracteriz\u00f3 por ser una persona honesta, responsable y emprendedora. A trav\u00e9s de los a\u00f1os creci\u00f3 posicion\u00e1ndose como uno de los principales proveedores de gallina en Bogot\u00e1.<\/div>            <\/div>\r\n        <\/div>\r\n            <div id=\"twp-telement-1\" class=\"timeline\">\r\n            <div class=\"timeline-content\">\r\n\r\n                <div class=\"timeline-year\">\r\n                    <span>1992<\/span>                <\/div>\r\n                \r\n                <div class=\"timeline-icon\">\r\n                                            <i class=\"fas fa-arrow-circle-right\"><\/i>\r\n                                    <\/div>\r\n\r\n                <h3 class=\"title\">L\u00edderes en la distribuci\u00f3n<\/h3>                <div class=\"description\">Gracias a su empe\u00f1o y con la colaboraci\u00f3n de su familia monta su punto de venta en Paloquemao e incursion\u00f3 en la venta de Pollo en canal, convirti\u00e9ndose en una de las empresas l\u00edderes en la distribuci\u00f3n de Pollo, Gallina, Pavo y Cerdo hasta la actualidad.<\/div>            <\/div>\r\n        <\/div>\r\n            <div id=\"twp-telement-2\" class=\"timeline\">\r\n            <div class=\"timeline-content\">\r\n\r\n                <div class=\"timeline-year\">\r\n                    <span>2013<\/span>                <\/div>\r\n                \r\n                <div class=\"timeline-icon\">\r\n                                            <i class=\"fas fa-arrow-circle-right\"><\/i>\r\n                                    <\/div>\r\n\r\n                <h3 class=\"title\">Una empresa exitosa<\/h3>                <div class=\"description\">El crecimiento y reconocimiento de El Saraviado se hacen notorios, por su calidad en cada producto, buena gesti\u00f3n y excelente servicio por lo que amplia su catalogo de productos.<\/div>            <\/div>\r\n        <\/div>\r\n            <div id=\"twp-telement-3\" class=\"timeline\">\r\n            <div class=\"timeline-content\">\r\n\r\n                <div class=\"timeline-year\">\r\n                    <span>2018<\/span>                <\/div>\r\n                \r\n                <div class=\"timeline-icon\">\r\n                                            <i class=\"fas fa-arrow-circle-right\"><\/i>\r\n                                    <\/div>\r\n\r\n                <h3 class=\"title\">Nueva imagen corporativa<\/h3>                <div class=\"description\">La empresa continua trayendo nuevos productos como POLLO, GALLINA, PAVO, PATO, RES, CONEJO Y CERDO y al mismo tiempo decide impactar al publico renovando su imagen corporativa, afirmando el compromiso con los clientes y entregando siempre la mejor calidad.<\/div>            <\/div>\r\n        <\/div>\r\n            <div id=\"twp-telement-4\" class=\"timeline\">\r\n            <div class=\"timeline-content\">\r\n\r\n                <div class=\"timeline-year\">\r\n                    <span>2021<\/span>                <\/div>\r\n                \r\n                <div class=\"timeline-icon\">\r\n                                            <i class=\"fas fa-arrow-circle-right\"><\/i>\r\n                                    <\/div>\r\n\r\n                <h3 class=\"title\">Despues de la contingencia<\/h3>                <div class=\"description\">Gracias al equipo de trabajo que nos acompa\u00f1a y a nuestra distinguida clientela logramos afrontar la crisis del 2020 generada por la pandemia y al d\u00eda de hoy estamos con nuevas expectativas y mas fortalecidos, cumpli\u00e9ndoles a ustedes nuestros estimados clientes.<\/div>            <\/div>\r\n        <\/div>\r\n    <\/div>\r\n\r\n<style>\r\n    #twp-124.style-another:before{\r\n        border-color:#7c7c7c;\r\n    }#twp-124.style-another:after{\r\n        border-color:#7c7c7c;\r\n    }#twp-124.style-another .timeline-year:after{\r\n        border-color:#7c7c7c;\r\n        border-left-color: transparent;\r\n    }#twp-124.style-another .timeline-content{\r\n        border-color:#7c7c7c;\r\n    }#twp-124.style-another .title, #twp-124.style-another .description {\r\n        color:#7c7c7c;\r\n    }#twp-124.style-another .timeline-content:after, #twp-124.style-another .timeline-icon, #twp-124.style-another .timeline-year {\r\n        background-color:#7c7c7c;\r\n    }<\/style>\r\n\r\n\r\n<\/div>\n\t\t\t\t\t\t<\/div>\n\t\t\t\t<\/div>\n\t\t\t\t\t<\/div>\n\t\t<\/div>\n\t\t\t\t\t<\/div>\n\t\t<\/section>\n\t\t\t\t<\/div>\n\t\t","protected":false},"excerpt":{"rendered":"<p>NOSOTROS QUIENES SOMOS Somos una empresa dedicada a la\u00a0distribuci\u00f3n y comercializaci\u00f3n\u00a0de Pollo, Gallina, Pavo, Pato, Res, Conejo y Cerdo en canal dirigido a hoteles, restaurantes, industrias alimenticias, catering, industria tamalera y por supuesto Los hogares bogotanos. MISI\u00d3N Dar cumplimiento a nuestros clientes en sus pedidos, entreg\u00e1ndoles el mejor producto y en el tiempo requerido por [&hellip;]<\/p>\n","protected":false},"author":1,"featured_media":0,"parent":0,"menu_order":0,"comment_status":"closed","ping_status":"closed","template":"","meta":{"om_disable_all_campaigns":false,"_monsterinsights_skip_tracking":false,"_monsterinsights_sitenote_active":false,"_monsterinsights_sitenote_note":"","_monsterinsights_sitenote_category":0,"site-sidebar-layout":"no-sidebar","site-content-layout":"page-builder","ast-site-content-layout":"","site-content-style":"default","site-sidebar-style":"default","ast-global-header-display":"","ast-banner-title-visibility":"","ast-main-header-display":"","ast-hfb-above-header-display":"","ast-hfb-below-header-display":"","ast-hfb-mobile-header-display":"","site-post-title":"disabled","ast-breadcrumbs-content":"","ast-featured-img":"disabled","footer-sml-layout":"","theme-transparent-header-meta":"","adv-header-id-meta":"","stick-header-meta":"","header-above-stick-meta":"","header-main-stick-meta":"","header-below-stick-meta":"","astra-migrate-meta-layouts":"default","ast-page-background-enabled":"default","ast-page-background-meta":{"desktop":{"background-color":"var(--ast-global-color-4)","background-image":"","background-repeat":"repeat","background-position":"center center","background-size":"auto","background-attachment":"scroll","background-type":"","background-media":"","overlay-type":"","overlay-color":"","overlay-opacity":"","overlay-gradient":""},"tablet":{"background-color":"","background-image":"","background-repeat":"repeat","background-position":"center center","background-size":"auto","background-attachment":"scroll","background-type":"","background-media":"","overlay-type":"","overlay-color":"","overlay-opacity":"","overlay-gradient":""},"mobile":{"background-color":"","background-image":"","background-repeat":"repeat","background-position":"center center","background-size":"auto","background-attachment":"scroll","background-type":"","background-media":"","overlay-type":"","overlay-color":"","overlay-opacity":"","overlay-gradient":""}},"ast-content-background-meta":{"desktop":{"background-color":"var(--ast-global-color-5)","background-image":"","background-repeat":"repeat","background-position":"center center","background-size":"auto","background-attachment":"scroll","background-type":"","background-media":"","overlay-type":"","overlay-color":"","overlay-opacity":"","overlay-gradient":""},"tablet":{"background-color":"var(--ast-global-color-5)","background-image":"","background-repeat":"repeat","background-position":"center center","background-size":"auto","background-attachment":"scroll","background-type":"","background-media":"","overlay-type":"","overlay-color":"","overlay-opacity":"","overlay-gradient":""},"mobile":{"background-color":"var(--ast-global-color-5)","background-image":"","background-repeat":"repeat","background-position":"center center","background-size":"auto","background-attachment":"scroll","background-type":"","background-media":"","overlay-type":"","overlay-color":"","overlay-opacity":"","overlay-gradient":""}},"footnotes":""},"class_list":["post-100","page","type-page","status-publish","hentry"],"aioseo_notices":[],"_links":{"self":[{"href":"https:\/\/elsaraviado.com\/index.php\/wp-json\/wp\/v2\/pages\/100","targetHints":{"allow":["GET"]}}],"collection":[{"href":"https:\/\/elsaraviado.com\/index.php\/wp-json\/wp\/v2\/pages"}],"about":[{"href":"https:\/\/elsaraviado.com\/index.php\/wp-json\/wp\/v2\/types\/page"}],"author":[{"embeddable":true,"href":"https:\/\/elsaraviado.com\/index.php\/wp-json\/wp\/v2\/users\/1"}],"replies":[{"embeddable":true,"href":"https:\/\/elsaraviado.com\/index.php\/wp-json\/wp\/v2\/comments?post=100"}],"version-history":[{"count":25,"href":"https:\/\/elsaraviado.com\/index.php\/wp-json\/wp\/v2\/pages\/100\/revisions"}],"predecessor-version":[{"id":295,"href":"https:\/\/elsaraviado.com\/index.php\/wp-json\/wp\/v2\/pages\/100\/revisions\/295"}],"wp:attachment":[{"href":"https:\/\/elsaraviado.com\/index.php\/wp-json\/wp\/v2\/media?parent=100"}],"curies":[{"name":"wp","href":"https:\/\/api.w.org\/{rel}","templated":true}]}}